{"id":398,"date":"2017-12-28T22:12:26","date_gmt":"2017-12-28T22:12:26","guid":{"rendered":"http:\/\/demo.cocobasic.com\/cardea-wp\/demo-1\/?page_id=6"},"modified":"2021-02-22T21:46:27","modified_gmt":"2021-02-22T21:46:27","slug":"onepage","status":"publish","type":"page","link":"https:\/\/habitationsgerpro.com\/","title":{"rendered":"Accueil"},"content":{"rendered":"","protected":false},"excerpt":{"rendered":"","protected":false},"author":1,"featured_media":0,"parent":0,"menu_order":0,"comment_status":"closed","ping_status":"closed","template":"onepage.php","meta":[],"yoast_head":"<!-- This site is optimized with the Yoast SEO plugin v21.1 - https:\/\/yoast.com\/wordpress\/plugins\/seo\/ -->\n<title>Habitations Gerpro - Constructeur de jumel\u00e9s \u00e0 Boischatel<\/title>\n<meta name=\"description\" content=\"Nous b\u00e2tissons votre jumel\u00e9 au Havre Boischatel selon vos besoins, avec des mat\u00e9riaux de qualit\u00e9 dans un quartier r\u00e9sidentiel o\u00f9 il fait bon vivre.\" \/>\n<meta name=\"robots\" content=\"index, follow, max-snippet:-1, max-image-preview:large, max-video-preview:-1\" \/>\n<link rel=\"canonical\" href=\"https:\/\/habitationsgerpro.com\/\" \/>\n<meta property=\"og:locale\" content=\"fr_CA\" \/>\n<meta property=\"og:type\" content=\"article\" \/>\n<meta property=\"og:title\" content=\"Habitations Gerpro - Constructeur de jumel\u00e9s \u00e0 Boischatel\" \/>\n<meta property=\"og:description\" content=\"Nous b\u00e2tissons votre jumel\u00e9 au Havre Boischatel selon vos besoins, avec des mat\u00e9riaux de qualit\u00e9 dans un quartier r\u00e9sidentiel o\u00f9 il fait bon vivre.\" \/>\n<meta property=\"og:url\" content=\"https:\/\/habitationsgerpro.com\/\" \/>\n<meta property=\"og:site_name\" content=\"Habitations Gerpro\" \/>\n<meta property=\"article:modified_time\" content=\"2021-02-22T21:46:27+00:00\" \/>\n<meta name=\"twitter:card\" content=\"summary_large_image\" \/>\n<script type=\"application\/ld+json\" class=\"yoast-schema-graph\">{\"@context\":\"https:\/\/schema.org\",\"@graph\":[{\"@type\":\"WebPage\",\"@id\":\"https:\/\/habitationsgerpro.com\/\",\"url\":\"https:\/\/habitationsgerpro.com\/\",\"name\":\"Habitations Gerpro - Constructeur de jumel\u00e9s \u00e0 Boischatel\",\"isPartOf\":{\"@id\":\"https:\/\/habitationsgerpro.com\/#website\"},\"datePublished\":\"2017-12-28T22:12:26+00:00\",\"dateModified\":\"2021-02-22T21:46:27+00:00\",\"description\":\"Nous b\u00e2tissons votre jumel\u00e9 au Havre Boischatel selon vos besoins, avec des mat\u00e9riaux de qualit\u00e9 dans un quartier r\u00e9sidentiel o\u00f9 il fait bon vivre.\",\"breadcrumb\":{\"@id\":\"https:\/\/habitationsgerpro.com\/#breadcrumb\"},\"inLanguage\":\"fr-CA\",\"potentialAction\":[{\"@type\":\"ReadAction\",\"target\":[\"https:\/\/habitationsgerpro.com\/\"]}]},{\"@type\":\"BreadcrumbList\",\"@id\":\"https:\/\/habitationsgerpro.com\/#breadcrumb\",\"itemListElement\":[{\"@type\":\"ListItem\",\"position\":1,\"name\":\"Accueil\",\"item\":\"https:\/\/habitationsgerpro.com\/\"},{\"@type\":\"ListItem\",\"position\":2,\"name\":\"Accueil\"}]},{\"@type\":\"WebSite\",\"@id\":\"https:\/\/habitationsgerpro.com\/#website\",\"url\":\"https:\/\/habitationsgerpro.com\/\",\"name\":\"Habitations Gerpro\",\"description\":\"\",\"potentialAction\":[{\"@type\":\"SearchAction\",\"target\":{\"@type\":\"EntryPoint\",\"urlTemplate\":\"https:\/\/habitationsgerpro.com\/?s={search_term_string}\"},\"query-input\":\"required name=search_term_string\"}],\"inLanguage\":\"fr-CA\"}]}<\/script>\n<!-- \/ Yoast SEO plugin. -->","yoast_head_json":{"title":"Habitations Gerpro - Constructeur de jumel\u00e9s \u00e0 Boischatel","description":"Nous b\u00e2tissons votre jumel\u00e9 au Havre Boischatel selon vos besoins, avec des mat\u00e9riaux de qualit\u00e9 dans un quartier r\u00e9sidentiel o\u00f9 il fait bon vivre.","robots":{"index":"index","follow":"follow","max-snippet":"max-snippet:-1","max-image-preview":"max-image-preview:large","max-video-preview":"max-video-preview:-1"},"canonical":"https:\/\/habitationsgerpro.com\/","og_locale":"fr_CA","og_type":"article","og_title":"Habitations Gerpro - Constructeur de jumel\u00e9s \u00e0 Boischatel","og_description":"Nous b\u00e2tissons votre jumel\u00e9 au Havre Boischatel selon vos besoins, avec des mat\u00e9riaux de qualit\u00e9 dans un quartier r\u00e9sidentiel o\u00f9 il fait bon vivre.","og_url":"https:\/\/habitationsgerpro.com\/","og_site_name":"Habitations Gerpro","article_modified_time":"2021-02-22T21:46:27+00:00","twitter_card":"summary_large_image","schema":{"@context":"https:\/\/schema.org","@graph":[{"@type":"WebPage","@id":"https:\/\/habitationsgerpro.com\/","url":"https:\/\/habitationsgerpro.com\/","name":"Habitations Gerpro - Constructeur de jumel\u00e9s \u00e0 Boischatel","isPartOf":{"@id":"https:\/\/habitationsgerpro.com\/#website"},"datePublished":"2017-12-28T22:12:26+00:00","dateModified":"2021-02-22T21:46:27+00:00","description":"Nous b\u00e2tissons votre jumel\u00e9 au Havre Boischatel selon vos besoins, avec des mat\u00e9riaux de qualit\u00e9 dans un quartier r\u00e9sidentiel o\u00f9 il fait bon vivre.","breadcrumb":{"@id":"https:\/\/habitationsgerpro.com\/#breadcrumb"},"inLanguage":"fr-CA","potentialAction":[{"@type":"ReadAction","target":["https:\/\/habitationsgerpro.com\/"]}]},{"@type":"BreadcrumbList","@id":"https:\/\/habitationsgerpro.com\/#breadcrumb","itemListElement":[{"@type":"ListItem","position":1,"name":"Accueil","item":"https:\/\/habitationsgerpro.com\/"},{"@type":"ListItem","position":2,"name":"Accueil"}]},{"@type":"WebSite","@id":"https:\/\/habitationsgerpro.com\/#website","url":"https:\/\/habitationsgerpro.com\/","name":"Habitations Gerpro","description":"","potentialAction":[{"@type":"SearchAction","target":{"@type":"EntryPoint","urlTemplate":"https:\/\/habitationsgerpro.com\/?s={search_term_string}"},"query-input":"required name=search_term_string"}],"inLanguage":"fr-CA"}]}},"_links":{"self":[{"href":"https:\/\/habitationsgerpro.com\/index.php\/wp-json\/wp\/v2\/pages\/398"}],"collection":[{"href":"https:\/\/habitationsgerpro.com\/index.php\/wp-json\/wp\/v2\/pages"}],"about":[{"href":"https:\/\/habitationsgerpro.com\/index.php\/wp-json\/wp\/v2\/types\/page"}],"author":[{"embeddable":true,"href":"https:\/\/habitationsgerpro.com\/index.php\/wp-json\/wp\/v2\/users\/1"}],"replies":[{"embeddable":true,"href":"https:\/\/habitationsgerpro.com\/index.php\/wp-json\/wp\/v2\/comments?post=398"}],"version-history":[{"count":3,"href":"https:\/\/habitationsgerpro.com\/index.php\/wp-json\/wp\/v2\/pages\/398\/revisions"}],"predecessor-version":[{"id":799,"href":"https:\/\/habitationsgerpro.com\/index.php\/wp-json\/wp\/v2\/pages\/398\/revisions\/799"}],"wp:attachment":[{"href":"https:\/\/habitationsgerpro.com\/index.php\/wp-json\/wp\/v2\/media?parent=398"}],"curies":[{"name":"wp","href":"https:\/\/api.w.org\/{rel}","templated":true}]}}